{"id":4133,"date":"2025-05-27T19:15:48","date_gmt":"2025-05-27T17:15:48","guid":{"rendered":"https:\/\/www.logoflagi.pl\/en\/?page_id=4133"},"modified":"2025-07-12T15:03:02","modified_gmt":"2025-07-12T13:03:02","slug":"o-nas","status":"publish","type":"page","link":"https:\/\/www.logoflagi.pl\/en\/o-nas\/","title":{"rendered":"About"},"content":{"rendered":"<p><span data-contrast=\"auto\">Tak postawione pytanie cz\u0119sto jest kwesti\u0105 reprezentacja czy\u00a0<\/span><span data-contrast=\"auto\">reklama ?<\/span><span data-contrast=\"auto\">\u00a0Logo czy\u00a0tre\u015b\u0107 ?<\/span><span data-ccp-props=\"{&quot;201341983&quot;:0,&quot;335559739&quot;:160,&quot;335559740&quot;:259}\">\u00a0<\/span><\/p>\n<p><span data-contrast=\"auto\">W przypadku flag przeznaczonych do oznaczenia siedziby firmy nale\u017cy wzi\u0105\u0107 pod uwag\u0119 jak postrzegamy rol\u0119 flagi firmowej.\u00a0<\/span><span data-ccp-props=\"{&quot;201341983&quot;:0,&quot;335559739&quot;:160,&quot;335559740&quot;:259}\">\u00a0<\/span><\/p>\n<p><b><span data-contrast=\"auto\">Reprezentacja<\/span><\/b><b><span data-contrast=\"auto\">.<\/span><\/b><span data-ccp-props=\"{&quot;201341983&quot;:0,&quot;335559739&quot;:160,&quot;335559740&quot;:259}\">\u00a0<\/span><\/p>\n<p><span data-contrast=\"auto\">Je\u015bli wa\u017cny jest dla nas aspekt reprezentacyjny\u00a0<\/span><span data-contrast=\"auto\">flagi,<\/span><span data-contrast=\"auto\">\u00a0lub je\u015bli na sta\u0142e fladze lub flagom firmowym b\u0119dzie lub b\u0119d\u0105 towarzyszy\u0142y flagi narodowe warto rozwa\u017cy\u0107 flagi poziome. Dadz\u0105 one przekaz wysokiego statusu firmy lub jej mi\u0119dzynarodowego rodowodu lub zasi\u0119gu.\u00a0<\/span><span data-ccp-props=\"{&quot;201341983&quot;:0,&quot;335559739&quot;:160,&quot;335559740&quot;:259}\">\u00a0<\/span><\/p>\n<p>&nbsp;<\/p>\n<p><img loading=\"lazy\" decoding=\"async\" class=\"alignnone size-medium wp-image-966\" src=\"https:\/\/www.logoflagi.pl\/en\/wp-content\/uploads\/2019\/09\/flagi-narodowe-przed-siedziba-firmy-300x179.jpg\" alt=\"\" width=\"300\" height=\"179\" srcset=\"https:\/\/www.logoflagi.pl\/en\/wp-content\/uploads\/2019\/09\/flagi-narodowe-przed-siedziba-firmy-300x179.jpg 300w, https:\/\/www.logoflagi.pl\/en\/wp-content\/uploads\/2019\/09\/flagi-narodowe-przed-siedziba-firmy-768x459.jpg 768w, https:\/\/www.logoflagi.pl\/en\/wp-content\/uploads\/2019\/09\/flagi-narodowe-przed-siedziba-firmy-1024x612.jpg 1024w, https:\/\/www.logoflagi.pl\/en\/wp-content\/uploads\/2019\/09\/flagi-narodowe-przed-siedziba-firmy.jpg 1336w\" sizes=\"auto, (max-width: 300px) 100vw, 300px\" \/><\/p>\n<p>&nbsp;<\/p>\n<p><span data-contrast=\"auto\">Flagi poziome s\u0105 bardziej tradycyjne i b\u0119d\u0105 bardziej naturalnie wygl\u0105da\u0142y na masztach. Nale\u017cy pogodzi\u0107 si\u0119 z faktem, \u017ce przy s\u0142abym wietrze flaga pozioma nie b\u0119dzie rozpostarta, ale nigdy te\u017c b\u0119dzie niewidoczna \u2013 tkanina u\u0142o\u017cy si\u0119 naturalnie wzd\u0142u\u017c masztu i b\u0119dzie wida\u0107 jej barwy. Jeszcze jednym argumentem na rzecz flag poziomych jest ich cena \u2013 z regu\u0142y maj\u0105 mniejsz\u0105 powierzchni\u0119, a co za tym idzie, ni\u017csz\u0105 cen\u0119 od flag pionowych.<\/span><span data-ccp-props=\"{&quot;201341983&quot;:0,&quot;335559739&quot;:160,&quot;335559740&quot;:259}\">\u00a0<\/span><\/p>\n<p><b><span data-contrast=\"auto\">Reklama.<\/span><\/b><span data-ccp-props=\"{&quot;201341983&quot;:0,&quot;335559739&quot;:160,&quot;335559740&quot;:259}\">\u00a0<\/span><\/p>\n<p><span data-contrast=\"auto\">Dobrym przyk\u0142adem flag o przeznaczeniu reklamowym s\u0105 flagi przed centrami handlowymi. Tutaj przekaz jest prosty \u2013 du\u017co logo lub tre\u015bci reklamowej na wielu masztach. R\u00f3wnie\u017c wyb\u00f3r jest\u00a0<\/span><span data-contrast=\"auto\">prosty\u00a0 &#8211;<\/span><span data-contrast=\"auto\">\u00a0prawie zawsze s\u0105 to flagi pionowe, pozwalaj\u0105ce na umieszczenie wi\u0119kszego logo i\u00a0<\/span><span data-contrast=\"auto\">umieszczenie<\/span><span data-contrast=\"auto\">\u00a0wi\u0119cej tre\u015bci reklamowej. Maszty z regu\u0142y s\u0105 wyposa\u017cone w ramiona obrotowe pozwalaj\u0105ce na\u00a0ekspozycj\u0119\u00a0 flagi\u00a0przy s\u0142abym wietrze lub jego braku.<\/span><span data-ccp-props=\"{&quot;201341983&quot;:0,&quot;335559739&quot;:160,&quot;335559740&quot;:259}\">\u00a0<\/span><\/p>\n<p><span data-contrast=\"auto\">R\u00f3wnie\u017c przed siedzibami firm najcz\u0119\u015bciej spotkamy flagi pionowe \u2013 po prostu tak ukszta\u0142towa\u0142 si\u0119 od lat 90-tych stereotyp flagi firmowej.\u00a0<\/span><span data-contrast=\"auto\">Najcz\u0119\u015bciej logo umieszczane jest r\u00f3wnie\u017c pionowo \u2013 czytane z do\u0142u do g\u00f3ry. Czasem w logo oddzielamy sygnet, kt\u00f3ry umieszczamy poziomo i logotyp, kt\u00f3ry umieszczamy pionowo \u2013 o ile ksi\u0119ga znaku nam na to pozwoli.\u00a0<\/span><span data-ccp-props=\"{&quot;201341983&quot;:0,&quot;335559739&quot;:160,&quot;335559740&quot;:259}\">\u00a0<\/span><\/p>\n<p><span data-contrast=\"auto\">Nieco k\u0142opotliwe bywa zawieszanie flag narodowych w pionie z dw\u00f3ch powod\u00f3w:<\/span><span data-ccp-props=\"{&quot;201341983&quot;:0,&quot;335559739&quot;:160,&quot;335559740&quot;:259}\">\u00a0<\/span><\/p>\n<p><span data-contrast=\"auto\">Nie ma ich na p\u00f3\u0142ce do kupienia \u2013 z uwagi na brak standardu flagi pionowe musz\u0105 by\u0107 zamawiane<\/span><span data-ccp-props=\"{&quot;201341983&quot;:0,&quot;335559739&quot;:160,&quot;335559740&quot;:259}\">\u00a0<\/span><\/p>\n<p><span data-contrast=\"auto\">Czasem budzi w\u0105tpliwo\u015bci jak ma wygl\u0105da\u0107 w pionie flaga narodowa \u2013 i ty pomo\u017ce nam strona instytutu heraldycznego\u00a0<\/span><a href=\"http:\/\/instytutheraldyczny.pl\/\"><span data-contrast=\"none\">http:\/\/instytutheraldyczny.pl<\/span><\/a><span data-contrast=\"auto\">. &#8211; uwaga pionowa flaga Polski ma podzia\u0142 kolor\u00f3w w pionie i czerwony kolor od strony masztu.<\/span><span data-ccp-props=\"{&quot;201341983&quot;:0,&quot;335559739&quot;:160,&quot;335559740&quot;:259}\">\u00a0<\/span><\/p>\n<p><span data-contrast=\"auto\">Bardzo\u00a0<\/span><span data-contrast=\"auto\">tolerancyjna<\/span><span data-contrast=\"auto\">\u00a0je\u015bli chodzi o wersj\u0119 pionow\u0105 jest flaga Unii Europejskiej. W naszej praktyce widzieli\u015bmy wiele pomys\u0142\u00f3w na umieszczenie gwiazdek na fladze pionowej i prawie zawsze wygl\u0105da\u0142o to dobrze.<\/span><span data-contrast=\"auto\">\u00a0Wskaz\u00f3wki graficzne dotycz\u0105ce symbolu europejskiego s\u0105 pod adresem:<\/span><span data-ccp-props=\"{&quot;201341983&quot;:0,&quot;335559739&quot;:160,&quot;335559740&quot;:259}\">\u00a0<\/span><\/p>\n<p><a href=\"http:\/\/publications.europa.eu\/code\/pl\/pl-5000100.htm\"><span data-contrast=\"none\">http:\/\/publications.europa.eu\/code\/pl\/pl-5000100.htm<\/span><\/a><span data-ccp-props=\"{&quot;201341983&quot;:0,&quot;335559739&quot;:160,&quot;335559740&quot;:259}\">\u00a0<\/span><\/p>\n<p>&nbsp;<\/p>\n<p><img loading=\"lazy\" decoding=\"async\" class=\"alignnone size-medium wp-image-965\" src=\"https:\/\/www.logoflagi.pl\/en\/wp-content\/uploads\/2019\/09\/flagi-pionowe-legionowo-300x226.jpg\" alt=\"\" width=\"300\" height=\"226\" srcset=\"https:\/\/www.logoflagi.pl\/en\/wp-content\/uploads\/2019\/09\/flagi-pionowe-legionowo-300x226.jpg 300w, https:\/\/www.logoflagi.pl\/en\/wp-content\/uploads\/2019\/09\/flagi-pionowe-legionowo-768x579.jpg 768w, https:\/\/www.logoflagi.pl\/en\/wp-content\/uploads\/2019\/09\/flagi-pionowe-legionowo-1024x772.jpg 1024w, https:\/\/www.logoflagi.pl\/en\/wp-content\/uploads\/2019\/09\/flagi-pionowe-legionowo.jpg 1659w\" sizes=\"auto, (max-width: 300px) 100vw, 300px\" \/><\/p>\n<p>&nbsp;<\/p>\n<p><span data-contrast=\"auto\">Je\u015bli\u00a0 wersja<\/span><span data-contrast=\"auto\">\u00a0masztu na to pozwala\/ np. wersja\u00a0<\/span><span data-contrast=\"auto\">Internal<\/span><span data-contrast=\"auto\">\u00a0<\/span><span data-contrast=\"auto\">windtracker<\/span><span data-contrast=\"auto\">\u00a0<\/span><a href=\"https:\/\/www.logoflagi.pl\/en\/maszty-flagowe-logo\"><span data-contrast=\"none\">https:\/\/www.logoflagi.pl\/en\/maszty-flagowe-logo<\/span><\/a><span data-contrast=\"auto\">\u00a0mo\u017cemy \u0142\u0105czy\u0107 na kilku masztach flagi firmowe\u00a0<\/span><span data-contrast=\"auto\">pionowe\u00a0 z<\/span><span data-contrast=\"auto\">\u00a0narodowymi poziomymi.<\/span><span data-ccp-props=\"{&quot;201341983&quot;:0,&quot;335559739&quot;:160,&quot;335559740&quot;:259}\">\u00a0<\/span><\/p>\n<p><span data-ccp-props=\"{&quot;201341983&quot;:0,&quot;335559739&quot;:160,&quot;335559740&quot;:259}\">\u00a0<\/span><\/p>\n<p><span data-ccp-props=\"{&quot;201341983&quot;:0,&quot;335559739&quot;:160,&quot;335559740&quot;:259}\">\u00a0<\/span><\/p>\n<p><span data-ccp-props=\"{&quot;201341983&quot;:0,&quot;335559739&quot;:160,&quot;335559740&quot;:259}\">\u00a0<\/span><\/p>\n<p><span data-contrast=\"auto\">e<\/span><span data-ccp-props=\"{&quot;201341983&quot;:0,&quot;335559739&quot;:160,&quot;335559740&quot;:259}\">\u00a0<\/span><\/p>\n","protected":false},"excerpt":{"rendered":"<p>Tak postawione pytanie cz\u0119sto jest kwesti\u0105 reprezentacja czy\u00a0reklama ?\u00a0Logo czy\u00a0tre\u015b\u0107 ?\u00a0 W przypadku flag przeznaczonych do oznaczenia siedziby firmy nale\u017cy wzi\u0105\u0107 pod uwag\u0119 jak postrzegamy rol\u0119 flagi firmowej.\u00a0\u00a0 Reprezentacja.\u00a0 Je\u015bli wa\u017cny jest dla nas aspekt reprezentacyjny\u00a0flagi,\u00a0lub je\u015bli na sta\u0142e fladze [&hellip;]<\/p>\n","protected":false},"author":4,"featured_media":0,"parent":0,"menu_order":0,"comment_status":"closed","ping_status":"closed","template":"template-products.php","meta":{"_acf_changed":false,"footnotes":""},"class_list":["post-4133","page","type-page","status-publish","hentry"],"acf":[],"_links":{"self":[{"href":"https:\/\/www.logoflagi.pl\/en\/wp-json\/wp\/v2\/pages\/4133","targetHints":{"allow":["GET"]}}],"collection":[{"href":"https:\/\/www.logoflagi.pl\/en\/wp-json\/wp\/v2\/pages"}],"about":[{"href":"https:\/\/www.logoflagi.pl\/en\/wp-json\/wp\/v2\/types\/page"}],"author":[{"embeddable":true,"href":"https:\/\/www.logoflagi.pl\/en\/wp-json\/wp\/v2\/users\/4"}],"replies":[{"embeddable":true,"href":"https:\/\/www.logoflagi.pl\/en\/wp-json\/wp\/v2\/comments?post=4133"}],"version-history":[{"count":11,"href":"https:\/\/www.logoflagi.pl\/en\/wp-json\/wp\/v2\/pages\/4133\/revisions"}],"predecessor-version":[{"id":4480,"href":"https:\/\/www.logoflagi.pl\/en\/wp-json\/wp\/v2\/pages\/4133\/revisions\/4480"}],"wp:attachment":[{"href":"https:\/\/www.logoflagi.pl\/en\/wp-json\/wp\/v2\/media?parent=4133"}],"curies":[{"name":"wp","href":"https:\/\/api.w.org\/{rel}","templated":true}]}}