{"id":2651,"date":"2023-10-16T12:49:17","date_gmt":"2023-10-16T10:49:17","guid":{"rendered":"https:\/\/www.logoflagi.pl\/en\/?page_id=2651"},"modified":"2025-06-15T13:41:51","modified_gmt":"2025-06-15T11:41:51","slug":"flagi-stadionowe-sektorowe","status":"publish","type":"page","link":"https:\/\/www.logoflagi.pl\/en\/flagi-stadionowe-sektorowe\/","title":{"rendered":"Stadium Flags (Sector Banners)"},"content":{"rendered":"<h3>Do produkcji flag sektorowych u\u017cywamy tkanin odpowiednich do zastosowania :<\/h3>\n<p>Na bardzo du\u017c\u0105 flag\u0119 sektorow\u0105 u\u017cywamy sprawdzonego lekkiego, przewiewnego poliestru 110 gmkw. Ten materia\u0142 dobrze si\u0119 uk\u0142ada, nie tworz\u0105 si\u0119 b\u0105ble powietrza, kibice pod flag\u0105 nie maja poczucia duszno\u015bci.<br \/>\nNa okr\u0119gi i mniejsze flagi, kt\u00f3re maj\u0105 bardzo d\u0142ugo s\u0142u\u017cy\u0107, poza tym maj\u0105 pe\u0142ni\u0107 funkcje nie tylko dekoracyjne &#8211; na przyk\u0142ad b\u0119d\u0105 separowa\u0107 kibic\u00f3w u\u017cywamy g\u0119stszej tkaniny 185 g.<\/p>\n<h3>Przy du\u017cych flagach bardzo istotna jest waga flagi &#8211; od niej zale\u017cy sprawno\u015b\u0107 operowania &#8211; rozwijania i zwijania flagi.<\/h3>\n<p>Przewa\u017cnie takie flagi wykonujemy z tkaniny o obni\u017conej gramaturze 110 g\/mkw w celu \u0142atwego przewo\u017cenia i przenoszenia. Staramy si\u0119 maksymalnie u\u0142atwi\u0107 Wam (i sobie) transport i rozpostarcie flagi stadionowej na trybunie. Je\u015bli wymiar jest wyj\u0105tkowo niewygodny do przenoszenia, flag\u0119 dzielimy na elementy do po\u0142\u0105czenia na trybunie za pomoc\u0105 zamka b\u0142yskawicznego. Jest to szczeg\u00f3lnie wa\u017cne przy zwijaniu flagi \u2013 wtedy naj\u0142atwiej o uszkodzenia i zabrudzenia, a przewa\u017cnie chcemy sektor\u00f3wk\u0119 wykorzystywa\u0107 wielokrotnie. Tego typu p\u0142aszczyzny materia\u0142u mog\u0105 by\u0107 r\u00f3wnie\u017c u\u017cywane jako bariery dla kibic\u00f3w oraz flagi \u015brodkowego kr\u0119gu. Je\u015bli jest potrzebna flaga mocniejsza, wykonujemy j\u0105 z tkaniny 185 g\/mkw. Uwaga, tak\u0105 flaga b\u0119dzie prawie dwa ci\u0119\u017csza.<\/p>\n","protected":false},"excerpt":{"rendered":"<p>Do produkcji flag sektorowych u\u017cywamy tkanin odpowiednich do zastosowania : Na bardzo du\u017c\u0105 flag\u0119 sektorow\u0105 u\u017cywamy sprawdzonego lekkiego, przewiewnego poliestru 110 gmkw. Ten materia\u0142 dobrze si\u0119 uk\u0142ada, nie tworz\u0105 si\u0119 b\u0105ble powietrza, kibice pod flag\u0105 nie maja poczucia duszno\u015bci. Na [&hellip;]<\/p>\n","protected":false},"author":2,"featured_media":2675,"parent":0,"menu_order":0,"comment_status":"closed","ping_status":"closed","template":"template-products.php","meta":{"_acf_changed":false,"footnotes":""},"class_list":["post-2651","page","type-page","status-publish","has-post-thumbnail","hentry"],"acf":[],"_links":{"self":[{"href":"https:\/\/www.logoflagi.pl\/en\/wp-json\/wp\/v2\/pages\/2651","targetHints":{"allow":["GET"]}}],"collection":[{"href":"https:\/\/www.logoflagi.pl\/en\/wp-json\/wp\/v2\/pages"}],"about":[{"href":"https:\/\/www.logoflagi.pl\/en\/wp-json\/wp\/v2\/types\/page"}],"author":[{"embeddable":true,"href":"https:\/\/www.logoflagi.pl\/en\/wp-json\/wp\/v2\/users\/2"}],"replies":[{"embeddable":true,"href":"https:\/\/www.logoflagi.pl\/en\/wp-json\/wp\/v2\/comments?post=2651"}],"version-history":[{"count":89,"href":"https:\/\/www.logoflagi.pl\/en\/wp-json\/wp\/v2\/pages\/2651\/revisions"}],"predecessor-version":[{"id":4405,"href":"https:\/\/www.logoflagi.pl\/en\/wp-json\/wp\/v2\/pages\/2651\/revisions\/4405"}],"wp:featuredmedia":[{"embeddable":true,"href":"https:\/\/www.logoflagi.pl\/en\/wp-json\/wp\/v2\/media\/2675"}],"wp:attachment":[{"href":"https:\/\/www.logoflagi.pl\/en\/wp-json\/wp\/v2\/media?parent=2651"}],"curies":[{"name":"wp","href":"https:\/\/api.w.org\/{rel}","templated":true}]}}