{"id":2386,"date":"2023-04-04T14:15:06","date_gmt":"2023-04-04T12:15:06","guid":{"rendered":"https:\/\/www.logoflagi.pl\/en\/?page_id=2386"},"modified":"2025-06-15T14:10:06","modified_gmt":"2025-06-15T12:10:06","slug":"nadruki-na-flagach","status":"publish","type":"page","link":"https:\/\/www.logoflagi.pl\/en\/nadruki-na-flagach\/","title":{"rendered":"Custom Flag Prints"},"content":{"rendered":"<p>Co to w\u0142a\u015bciwie jest nadruk na fladze ?<\/p>\n<p>Najpierw nieco historii.<\/p>\n<p>Flagi najpierw by\u0142y wyszywane , zszywane lub haftowane. Te techniki stopniowo wypiera\u0142o barwienie naturalnymi barwnikami.<\/p>\n<p>Nadruk\u00a0 na fladze to wybarwione w\u0142\u00f3kna.<\/p>\n<p>&nbsp;<\/p>\n<p>&nbsp;<\/p>\n<p>&nbsp;<\/p>\n","protected":false},"excerpt":{"rendered":"<p>Co to w\u0142a\u015bciwie jest nadruk na fladze ? Najpierw nieco historii. Flagi najpierw by\u0142y wyszywane , zszywane lub haftowane. Te techniki stopniowo wypiera\u0142o barwienie naturalnymi barwnikami. Nadruk\u00a0 na fladze to wybarwione w\u0142\u00f3kna. &nbsp; &nbsp; &nbsp;<\/p>\n","protected":false},"author":2,"featured_media":2297,"parent":0,"menu_order":0,"comment_status":"closed","ping_status":"closed","template":"template-products.php","meta":{"_acf_changed":false,"footnotes":""},"class_list":["post-2386","page","type-page","status-publish","has-post-thumbnail","hentry"],"acf":[],"_links":{"self":[{"href":"https:\/\/www.logoflagi.pl\/en\/wp-json\/wp\/v2\/pages\/2386","targetHints":{"allow":["GET"]}}],"collection":[{"href":"https:\/\/www.logoflagi.pl\/en\/wp-json\/wp\/v2\/pages"}],"about":[{"href":"https:\/\/www.logoflagi.pl\/en\/wp-json\/wp\/v2\/types\/page"}],"author":[{"embeddable":true,"href":"https:\/\/www.logoflagi.pl\/en\/wp-json\/wp\/v2\/users\/2"}],"replies":[{"embeddable":true,"href":"https:\/\/www.logoflagi.pl\/en\/wp-json\/wp\/v2\/comments?post=2386"}],"version-history":[{"count":41,"href":"https:\/\/www.logoflagi.pl\/en\/wp-json\/wp\/v2\/pages\/2386\/revisions"}],"predecessor-version":[{"id":4419,"href":"https:\/\/www.logoflagi.pl\/en\/wp-json\/wp\/v2\/pages\/2386\/revisions\/4419"}],"wp:featuredmedia":[{"embeddable":true,"href":"https:\/\/www.logoflagi.pl\/en\/wp-json\/wp\/v2\/media\/2297"}],"wp:attachment":[{"href":"https:\/\/www.logoflagi.pl\/en\/wp-json\/wp\/v2\/media?parent=2386"}],"curies":[{"name":"wp","href":"https:\/\/api.w.org\/{rel}","templated":true}]}}